{"id":12548,"date":"2021-08-23T14:12:12","date_gmt":"2021-08-23T21:12:12","guid":{"rendered":"https:\/\/www.livedeep.tv\/?page_id=12548"},"modified":"2021-08-23T15:02:13","modified_gmt":"2021-08-23T22:02:13","slug":"politica-de-privacidad","status":"publish","type":"page","link":"https:\/\/www.livedeep.tv\/web\/es\/politica-de-privacidad\/","title":{"rendered":"Pol\u00edtica de Privacidad"},"content":{"rendered":"<h2>Quienes somos<\/h2>\n<p>La direcci\u00f3n de nuestro sitio web es: https:\/\/www.livedeep.tv<\/p>\n<p>LiveDEEP.TV (\u00abLVDP\u00bb) opera livedeep.tv y puede operar en otros sitios web. Es pol\u00edtica de LVDP respetar su privacidad con respecto a cualquier informaci\u00f3n que podamos recopilar al operar nuestros sitios web.<\/p>\n<h3>Visitantes del sitio web<\/h3>\n<p>Al igual que la mayor\u00eda de los operadores de sitios web, LVDP recopila informaci\u00f3n que no identifica personalmente del tipo que los navegadores web y servidores suelen poner a disposici\u00f3n, como el tipo de navegador, la preferencia de idioma, el sitio de referencia y la fecha y hora de cada solicitud de visitante. El prop\u00f3sito de LVDP en la recopilaci\u00f3n de informaci\u00f3n de identificaci\u00f3n no personal es comprender mejor c\u00f3mo los visitantes de LVDP usan su sitio web. Ocasionalmente, LVDP puede divulgar informaci\u00f3n de identificaci\u00f3n no personal en conjunto, por ejemplo, mediante la publicaci\u00f3n de un informe sobre las tendencias en el uso de su sitio web.<\/p>\n<p>LVDP tambi\u00e9n recolecta informaci\u00f3n potencialmente identificable personalmente, como direcciones de Protocolo de Internet (IP) para usuarios que inician sesi\u00f3n y para usuarios que dejan comentarios en blogs \/ sitios de livedeep.tv. LVDP solo divulga el usuario registrado y las direcciones IP del comentarista bajo las mismas circunstancias que utiliza y divulga la informaci\u00f3n de identificaci\u00f3n personal como se describe a continuaci\u00f3n, excepto que las direcciones IP y direcciones de correo electr\u00f3nico del comentador son visibles y reveladas a los administradores del blog \/ sitio donde el comentario fue dejado.<\/p>\n<h3>Recolecci\u00f3n de informaci\u00f3n de identificaci\u00f3n personal<\/h3>\n<p>Ciertos visitantes de los sitios web de LVDP eligen interactuar con LVDP de manera que requieren que LVDP recopile informaci\u00f3n de identificaci\u00f3n personal. La cantidad y el tipo de informaci\u00f3n que re\u00fane LVDP depende de la naturaleza de la interacci\u00f3n. Por ejemplo, solicitamos a los visitantes que se registren en livedeep.tv que proporcionen un nombre de usuario y una direcci\u00f3n de correo electr\u00f3nico. Aquellos que realicen transacciones con LVDP deben proporcionar informaci\u00f3n adicional, incluida la informaci\u00f3n personal y financiera necesaria para procesar esas transacciones. En cada caso, LVDP recopila dicha informaci\u00f3n solo en la medida en que sea necesario o apropiado para cumplir con el prop\u00f3sito de la interacci\u00f3n del visitante con LVDP. LVDP no divulga informaci\u00f3n de identificaci\u00f3n personal que no sea la que se describe a continuaci\u00f3n. Y los visitantes siempre pueden negarse a proporcionar informaci\u00f3n de identificaci\u00f3n personal, con la advertencia de que puede evitar que participen en ciertas actividades relacionadas con el sitio web.<\/p>\n<h3>Estad\u00edsticas agregadas<\/h3>\n<p>LVDP puede recopilar estad\u00edsticas sobre el comportamiento de los visitantes de sus sitios web. LVDP puede mostrar esta informaci\u00f3n p\u00fablicamente o proporcionarla a otros. Sin embargo, LVDP no divulga informaci\u00f3n de identificaci\u00f3n personal que no sea la que se describe a continuaci\u00f3n.<\/p>\n<h3>Protecci\u00f3n de cierta informaci\u00f3n de identificaci\u00f3n personal<\/h3>\n<p>LVDP revela informaci\u00f3n potencialmente identificable personalmente y personalmente identificable solo para aquellos de sus empleados, contratistas y organizaciones afiliadas que (i) necesitan saber esa informaci\u00f3n para procesarla en nombre de LVDP o para proporcionar servicios disponibles en LVDP&#8217;s sitios web, y (ii) que han acordado no divulgarlo a otros. Algunos de esos empleados, contratistas y organizaciones afiliadas pueden estar ubicados fuera de su pa\u00eds de origen; al utilizar los sitios web de LVDP, usted acepta la transferencia de dicha informaci\u00f3n. LVDP no alquilar\u00e1 ni vender\u00e1 informaci\u00f3n potencialmente identificable personalmente y personal a nadie. Adem\u00e1s de sus empleados, contratistas y organizaciones afiliadas, como se describi\u00f3 anteriormente, LVDP divulga informaci\u00f3n potencialmente identificable personalmente y de identificaci\u00f3n personal solo en respuesta a una citaci\u00f3n, orden judicial u otra solicitud gubernamental, o cuando LVDP cree de buena fe que la divulgaci\u00f3n es razonablemente necesario para proteger la propiedad o los derechos de LVDP, de terceros o del p\u00fablico en general. Si usted es un usuario registrado de un sitio web de LVDP y ha proporcionado su direcci\u00f3n de correo electr\u00f3nico, es posible que LVDP le env\u00ede un correo electr\u00f3nico para informarle sobre nuevas funciones, solicitar sus comentarios o simplemente mantenerlo al tanto de lo que est\u00e1 pasando con LVDP y nuestro productos. Si nos env\u00eda una solicitud (por ejemplo, por correo electr\u00f3nico oa trav\u00e9s de uno de nuestros mecanismos de comentarios), nos reservamos el derecho de publicarla para ayudarnos a aclarar o responder a su solicitud o para ayudarnos a apoyar a otros usuarios. LVDP toma todas las medidas razonablemente necesarias para proteger contra el acceso no autorizado, el uso, la alteraci\u00f3n o la destrucci\u00f3n de informaci\u00f3n potencialmente identificable personalmente y de identificaci\u00f3n personal.<\/p>\n<h3>\u00abCookies\u00bb<\/h3>\n<p>Una \u00abcookie\u00bb es una cadena de informaci\u00f3n que un sitio web almacena en la computadora de un visitante y que el navegador del visitante proporciona al sitio cada vez que el visitante regresa. LVDP usa cookies para ayudar a LVDP a identificar y rastrear a los visitantes, su uso del sitio web de LVDP y sus preferencias de acceso al sitio web. Los visitantes de LVDP que no deseen colocar cookies en sus computadoras deben configurar sus navegadores para que rechacen las cookies antes de usar los sitios web de LVDP, con el inconveniente de que ciertas caracter\u00edsticas de los sitios web de LVDP pueden no funcionar correctamente sin la ayuda de cookies.<\/p>\n<h3>Transferencias comerciales<\/h3>\n<p>Si se adquirieron LVDP, o sustancialmente todos sus activos, o en el improbable caso de que LVDP cierre su actividad empresarial o entre en quiebra, la informaci\u00f3n del usuario ser\u00eda uno de los activos transferidos o adquiridos por un tercero. Usted reconoce que tales transferencias pueden ocurrir, y que cualquier adquirente de LVDP puede continuar usando su informaci\u00f3n personal como se establece en esta pol\u00edtica.<\/p>\n<h3>Anuncios<\/h3>\n<p>Los anuncios que aparecen en cualquiera de nuestros sitios web pueden ser entregados a los usuarios por los socios publicitarios, quienes pueden establecer cookies. Estas cookies permiten que el servidor de anuncios reconozca su computadora cada vez que le env\u00edan un anuncio en l\u00ednea para compilar informaci\u00f3n sobre usted u otras personas que usan su computadora. Esta informaci\u00f3n permite que las redes publicitarias, entre otras cosas, entreguen publicidades dirigidas que creen que ser\u00e1n de su mayor inter\u00e9s. Esta Pol\u00edtica de privacidad cubre el uso de cookies por parte de LVDP y no cubre el uso de cookies por parte de ning\u00fan anunciante.<\/p>\n<h3>Cambios en la Pol\u00edtica de privacidad<\/h3>\n<p>Aunque es probable que la mayor\u00eda de los cambios sean menores, LVDP puede cambiar su Pol\u00edtica de privacidad de vez en cuando, y a exclusivo criterio de LVDP. LVDP alienta a los visitantes a consultar con frecuencia esta p\u00e1gina para ver cualquier cambio en su Pol\u00edtica de privacidad. Si tiene una cuenta livedeep.tv, tambi\u00e9n puede recibir una alerta que le informa de estos cambios. Su uso continuo de este sitio despu\u00e9s de cualquier cambio en esta Pol\u00edtica de privacidad constituir\u00e1 su aceptaci\u00f3n de dicho cambio.<\/p>\n<h2>Qu\u00e9 datos personales recopilamos y por qu\u00e9 los recopilamos<\/h2>\n<h3>Comentarios<\/h3>\n<p>Cuando los visitantes dejan comentarios en el sitio, recopilamos los datos que se muestran en el formulario de comentarios, y tambi\u00e9n la direcci\u00f3n IP del visitante y la cadena del agente de usuario del navegador para ayudar a la detecci\u00f3n de spam.<\/p>\n<p>Se puede proporcionar una cadena an\u00f3nima creada a partir de su direcci\u00f3n de correo electr\u00f3nico (tambi\u00e9n llamada hash) al servicio Gravatar para ver si la est\u00e1 utilizando. La pol\u00edtica de privacidad del servicio Gravatar est\u00e1 disponible aqu\u00ed: https:\/\/automattic.com\/privacy\/. Despu\u00e9s de la aprobaci\u00f3n de su comentario, su foto de perfil es visible para el p\u00fablico en el contexto de su comentario.<\/p>\n<h3>Medios de comunicaci\u00f3n<\/h3>\n<p>Si carga im\u00e1genes en el sitio web, debe evitar cargar im\u00e1genes con datos de ubicaci\u00f3n incrustados (GPS EXIF) incluidos. Los visitantes del sitio web pueden descargar y extraer los datos de ubicaci\u00f3n de las im\u00e1genes del sitio web.<\/p>\n<h3>Cookies<\/h3>\n<p>Si deja un comentario en nuestro sitio, puede optar por guardar su nombre, direcci\u00f3n de correo electr\u00f3nico y sitio web en cookies. Estos son para su conveniencia para que no tenga que volver a completar sus datos cuando deje otro comentario. Estas cookies durar\u00e1n un a\u00f1o.<\/p>\n<p>Si visita nuestra p\u00e1gina de inicio de sesi\u00f3n, configuraremos una cookie temporal para determinar si su navegador acepta cookies. Esta cookie no contiene datos personales y se descarta cuando cierra su navegador.<\/p>\n<p>Cuando inicie sesi\u00f3n, tambi\u00e9n configuraremos varias cookies para guardar su informaci\u00f3n de inicio de sesi\u00f3n y sus opciones de visualizaci\u00f3n de pantalla. Las cookies de inicio de sesi\u00f3n duran dos d\u00edas y las cookies de opciones de pantalla duran un a\u00f1o. Si selecciona \u00abRecordarme\u00bb, su inicio de sesi\u00f3n se mantendr\u00e1 durante dos semanas. Si cierra sesi\u00f3n en su cuenta, se eliminar\u00e1n las cookies de inicio de sesi\u00f3n.<\/p>\n<p>Si edita o publica un art\u00edc**o, se guardar\u00e1 una cookie adicional en su navegador. Esta cookie no incluye datos personales y simplemente indica el ID de publicaci\u00f3n del art\u00edc**o que acaba de editar. Caduca despu\u00e9s de 1 d\u00eda.<\/p>\n<h3>Contenido incrustado de otros sitios web<\/h3>\n<p>Los art\u00edculos de este sitio pueden incluir contenido incrustado (por ejemplo, videos, im\u00e1genes, art\u00edculos, etc.). El contenido incrustado de otros sitios web se comporta exactamente de la misma manera que si el visitante hubiera visitado el otro sitio web.<\/p>\n<p>Estos sitios web pueden recopilar datos sobre usted, utilizar cookies, incrustar un seguimiento adicional de terceros y supervisar su interacci\u00f3n con ese contenido incrustado, incluido el seguimiento de su interacci\u00f3n con el contenido incrustado si tiene una cuenta y ha iniciado sesi\u00f3n en ese sitio web.<\/p>\n<h3>A**l\u00edtica<\/h3>\n<p>Como an\u00e1lisis computacional sistem\u00e1tico de datos y estad\u00edsticas, el an\u00e1lisis se utiliza para el descubrimiento, interpretaci\u00f3n y comunicaci\u00f3n de patrones significativos en los datos, por lo que lo mantenemos al m\u00ednimo y solo para los procesos correctos de optimizaci\u00f3n de nuestra infraestructura.<\/p>\n<h2>Con qui\u00e9n compartimos sus datos<\/h2>\n<p>Si solicita un restablecimiento de contrase\u00f1a, su direcci\u00f3n IP se incluir\u00e1 en el correo electr\u00f3nico de restablecimiento.<\/p>\n<h2>Cu\u00e1nto tiempo conservamos sus datos<\/h2>\n<p>Si deja un comentario, el comentario y sus metadatos se conservan indefinidamente. Esto es para que podamos reconocer y aprobar cualquier comentario de seguimiento autom\u00e1ticamente en lugar de mantenerlos en una cola de moderaci\u00f3n.<\/p>\n<p>Para los usuarios que se registran en nuestro sitio web (si corresponde), tambi\u00e9n almacenamos la informaci\u00f3n personal que proporcionan en su perfil de usuario. Todos los usuarios pueden ver, editar o eliminar su informaci\u00f3n personal en cualquier momento (excepto que no pueden cambiar su nombre de usuario). Los administradores del sitio web tambi\u00e9n pueden ver y editar esa informaci\u00f3n.<\/p>\n<h2>Que derechos tienes sobre tus datos<\/h2>\n<p>Si tiene una cuenta en este sitio o ha dejado comentarios, puede solicitar recibir un archivo exportado de los datos personales que tenemos sobre usted, incluidos los datos que nos haya proporcionado. Tambi\u00e9n puede solicitar que borremos cualquier dato personal que tengamos sobre usted. Esto no incluye ning\u00fan dato que estemos obligados a conservar con fines administrativos, legales o de seguridad.<\/p>\n<h2>A donde enviamos sus datos<\/h2>\n<p>Los comentarios de los visitantes se pueden verificar a trav\u00e9s de un servicio autom\u00e1tico de detecci\u00f3n de spam.<\/p>\n<h2>CCPA y GDPR<\/h2>\n<p>La tecnolog\u00eda se utiliza para recopilar informaci\u00f3n y datos personales de las personas sin su pleno consentimiento, lo que, obviamente, no es exactamente lo ideal; ahora est\u00e1 surgiendo una legislaci\u00f3n para que las personas tengan derecho a la privacidad, en un intento de limitar lo que las empresas pueden y no pueden hacer con la informaci\u00f3n que recopilan. Para proteger el derecho a la privacidad de las personas, se instituyeron leyes como la Ley de Privacidad del Consumidor de California (CCPA) y el Reglamento General de Protecci\u00f3n de Datos (GDPR). Estas leyes buscan proteger la informaci\u00f3n privada de las personas y evitar que las empresas exploten esta informaci\u00f3n bajo cualquier inter\u00e9s, al igual que las implicaciones inconvenientes que podr\u00eda causar una divulgaci\u00f3n negativa.<\/p>\n<ul>\n<li>Las personas tienen derecho a saber qu\u00e9 tipo de datos personales e informaci\u00f3n recopilan las empresas sobre ellos.<\/li>\n<li>Deben saber si su informaci\u00f3n personal se vende o se divulga a otra parte. Tambi\u00e9n tienen derecho a saber a qui\u00e9n se divulga su informaci\u00f3n.<\/li>\n<li>Las personas tienen derecho a rechazar la venta de sus datos personales e informaci\u00f3n privada.<\/li>\n<li>Deber\u00edan poder acceder a sus propios datos personales.<\/li>\n<li>Tienen derecho a solicitar a las empresas que eliminen y eliminen cualquier informaci\u00f3n relacionada con ellos como consumidores.<\/li>\n<li>No deben ser discriminados por ejercer su derecho a la privacidad y la informaci\u00f3n privada.<\/li>\n<\/ul>\n<h2>Eliminaci\u00f3n de informaci\u00f3n<\/h2>\n<p><strong>Si tiene alguna pregunta relacionada con su informaci\u00f3n o si desea eliminarla por completo de nuestro sitio web, comun\u00edquese con nosotros.<\/strong><\/p>\n<h2><strong>Informaci\u00f3n del contacto<\/strong><\/h2>\n<p>Direcci\u00f3n:<\/p>\n<p>PO Box 421327. Los \u00c1ngeles, CA 90042. EE.UU.<\/p>\n<p>Correo electr\u00f3nico:<\/p>\n<p><a href=\"mailto:info@livedeep.tv\">info@livedeep.tv<\/a><\/p>\n<h2>Informaci\u00f3n adicional<\/h2>\n<h3>C\u00f3mo protegemos sus datos<\/h3>\n<p>Toda la base de nuestro sistema funciona a nivel empresarial, por lo que la seguridad reside en una comunidad global de expertos en computaci\u00f3n que ha probado y verificado el nivel m\u00e1s estricto de seguridad.<\/p>\n<h3>Qu\u00e9 procedimientos de violaci\u00f3n de datos tenemos implementados<\/h3>\n<p><strong>Reportes.<\/strong><\/p>\n<p>Un miembro del personal que haya identificado una presunta violaci\u00f3n de datos debe notificarlo de inmediato. La notificaci\u00f3n debe incluir informaci\u00f3n sobre la hora y la fecha en que se descubri\u00f3 la presunta infiltraci\u00f3n, el tipo de informaci\u00f3n involucrada, la causa y el alcance de la infracci\u00f3n y el contexto de la informaci\u00f3n afectada y la infracci\u00f3n.<\/p>\n<p><strong>Evaluaci\u00f3n y confirmaci\u00f3n.<\/strong><\/p>\n<p>Es imprescindible evaluar y determinar si se ha producido una violaci\u00f3n de datos. Si tiene alguna sospecha de que se ha producido una infiltraci\u00f3n, debe notificarse inmediatamente por correo electr\u00f3nico.<\/p>\n<p><strong>Documentaci\u00f3n y procesamiento.<\/strong><\/p>\n<p>Contenci\u00f3n de la infiltraci\u00f3n y evaluaci\u00f3n para cuantificar los riesgos asociados con la infiltraci\u00f3n. Notificaci\u00f3n adecuada a las partes involucradas. Prevenci\u00f3n de futuras infiltraciones. Informar a las fuerzas del orden, cuando corresponda, notificaremos a las autoridades policiales correspondientes de una infiltraci\u00f3n sospechosa o confirmada. Las autoridades policiales apropiadas determinar\u00e1n si se justifica una mayor investigaci\u00f3n policial.<\/p>\n<h3>De qu\u00e9 terceros recibimos datos<\/h3>\n<p>Ninguno. Nos esforzamos por mantener nuestra comunidad lo m\u00e1s privada posible. pero lo hacemos si lo requiere alguna agencia de aplicaci\u00f3n de la ley para apoyar la resoluci\u00f3n de asuntos legales.<\/p>\n<h3>Qu\u00e9 toma de decisiones automatizada y \/ o elaboraci\u00f3n de perfiles hacemos con los datos del usuario<\/h3>\n<p>Ninguna. Todas nuestras decisiones finales siempre son verificadas y autorizadas por los miembros de nuestro personal.<\/p>\n<h3>Requisitos de divulgaci\u00f3n reglamentarios de la industria<\/h3>\n<p>Para reducir la posibilidad de que se divulgue informaci\u00f3n confidencial por error, hemos implementado un sistema estandarizado. Aplicamos procesos de cumplimiento normativo coherentes para que coincidan con nuestras pol\u00edticas y procedimientos. Hemos dise\u00f1ado la automatizaci\u00f3n del flujo de trabajo que nos permite desarrollar el cumplimiento, pero siempre supervisados \u200b\u200bpor nuestro personal para que se cumplan los procesos de divulgaci\u00f3n regulatoria.<\/p>\n","protected":false},"excerpt":{"rendered":"<p>Quienes somos La direcci\u00f3n de nuestro sitio web es: https:\/\/www.livedeep.tv LiveDEEP.TV (\u00abLVDP\u00bb) opera livedeep.tv y puede operar en otros sitios web. Es pol\u00edtica de LVDP respetar su privacidad con respecto a cualquier informaci\u00f3n que podamos recopilar al operar nuestros sitios web. Visitantes del sitio web Al igual que la mayor\u00eda de los operadores de sitios &hellip;<\/p>\n","protected":false},"author":1,"featured_media":0,"parent":0,"menu_order":0,"comment_status":"closed","ping_status":"closed","template":"","meta":{"footnotes":""},"coauthors":[62],"class_list":["post-12548","page","type-page","status-publish","hentry"],"yoast_head":"<!-- This site is optimized with the Yoast SEO Premium plugin v26.6 (Yoast SEO v27.4) - https:\/\/yoast.com\/product\/yoast-seo-premium-wordpress\/ -->\n<title>Pol\u00edtica de Privacidad - LiveDEEP.TV<\/title>\n<meta name=\"robots\" content=\"index, follow, max-snippet:-1, max-image-preview:large, max-video-preview:-1\" \/>\n<link rel=\"canonical\" href=\"https:\/\/www.livedeep.tv\/web\/es\/politica-de-privacidad\/\" \/>\n<meta property=\"og:locale\" content=\"es_ES\" \/>\n<meta property=\"og:type\" content=\"article\" \/>\n<meta property=\"og:title\" content=\"Pol\u00edtica de Privacidad\" \/>\n<meta property=\"og:description\" content=\"Quienes somos La direcci\u00f3n de nuestro sitio web es: https:\/\/www.livedeep.tv LiveDEEP.TV (\u00abLVDP\u00bb) opera livedeep.tv y puede operar en otros sitios web. Es pol\u00edtica de LVDP respetar su privacidad con respecto a cualquier informaci\u00f3n que podamos recopilar al operar nuestros sitios web. Visitantes del sitio web Al igual que la mayor\u00eda de los operadores de sitios &hellip;\" \/>\n<meta property=\"og:url\" content=\"https:\/\/www.livedeep.tv\/web\/es\/politica-de-privacidad\/\" \/>\n<meta property=\"og:site_name\" content=\"LiveDEEP.TV\" \/>\n<meta property=\"article:modified_time\" content=\"2021-08-23T22:02:13+00:00\" \/>\n<meta name=\"twitter:card\" content=\"summary_large_image\" \/>\n<meta name=\"twitter:label1\" content=\"Tiempo de lectura\" \/>\n\t<meta name=\"twitter:data1\" content=\"11 minutos\" \/>\n\t<meta name=\"twitter:label2\" content=\"Written by\" \/>\n\t<meta name=\"twitter:data2\" content=\"LvDP.TV Synthetintelligence\u2122\" \/>\n<script type=\"application\/ld+json\" class=\"yoast-schema-graph\">{\"@context\":\"https:\\\/\\\/schema.org\",\"@graph\":[{\"@type\":\"WebPage\",\"@id\":\"https:\\\/\\\/www.livedeep.tv\\\/web\\\/es\\\/politica-de-privacidad\\\/\",\"url\":\"https:\\\/\\\/www.livedeep.tv\\\/web\\\/es\\\/politica-de-privacidad\\\/\",\"name\":\"Pol\u00edtica de Privacidad - LiveDEEP.TV\",\"isPartOf\":{\"@id\":\"https:\\\/\\\/www.livedeep.tv\\\/web\\\/es\\\/#website\"},\"datePublished\":\"2021-08-23T21:12:12+00:00\",\"dateModified\":\"2021-08-23T22:02:13+00:00\",\"breadcrumb\":{\"@id\":\"https:\\\/\\\/www.livedeep.tv\\\/web\\\/es\\\/politica-de-privacidad\\\/#breadcrumb\"},\"inLanguage\":\"es\",\"potentialAction\":[{\"@type\":\"ReadAction\",\"target\":[\"https:\\\/\\\/www.livedeep.tv\\\/web\\\/es\\\/politica-de-privacidad\\\/\"]}]},{\"@type\":\"BreadcrumbList\",\"@id\":\"https:\\\/\\\/www.livedeep.tv\\\/web\\\/es\\\/politica-de-privacidad\\\/#breadcrumb\",\"itemListElement\":[{\"@type\":\"ListItem\",\"position\":1,\"name\":\"Home\",\"item\":\"https:\\\/\\\/www.livedeep.tv\\\/web\\\/es\\\/\"},{\"@type\":\"ListItem\",\"position\":2,\"name\":\"Pol\u00edtica de Privacidad\"}]},{\"@type\":\"WebSite\",\"@id\":\"https:\\\/\\\/www.livedeep.tv\\\/web\\\/es\\\/#website\",\"url\":\"https:\\\/\\\/www.livedeep.tv\\\/web\\\/es\\\/\",\"name\":\"LiveDEEP.TV\",\"description\":\"Just another WordPress site\",\"publisher\":{\"@id\":\"https:\\\/\\\/www.livedeep.tv\\\/web\\\/es\\\/#organization\"},\"potentialAction\":[{\"@type\":\"SearchAction\",\"target\":{\"@type\":\"EntryPoint\",\"urlTemplate\":\"https:\\\/\\\/www.livedeep.tv\\\/web\\\/es\\\/?s={search_term_string}\"},\"query-input\":{\"@type\":\"PropertyValueSpecification\",\"valueRequired\":true,\"valueName\":\"search_term_string\"}}],\"inLanguage\":\"es\"},{\"@type\":\"Organization\",\"@id\":\"https:\\\/\\\/www.livedeep.tv\\\/web\\\/es\\\/#organization\",\"name\":\"LiveDEEP.TV\",\"url\":\"https:\\\/\\\/www.livedeep.tv\\\/web\\\/es\\\/\",\"logo\":{\"@type\":\"ImageObject\",\"inLanguage\":\"es\",\"@id\":\"https:\\\/\\\/www.livedeep.tv\\\/web\\\/es\\\/#\\\/schema\\\/logo\\\/image\\\/\",\"url\":\"https:\\\/\\\/www.livedeep.tv\\\/web\\\/wp-content\\\/uploads\\\/2019\\\/10\\\/lvd-uplogoretina.png\",\"contentUrl\":\"https:\\\/\\\/www.livedeep.tv\\\/web\\\/wp-content\\\/uploads\\\/2019\\\/10\\\/lvd-uplogoretina.png\",\"width\":544,\"height\":173,\"caption\":\"LiveDEEP.TV\"},\"image\":{\"@id\":\"https:\\\/\\\/www.livedeep.tv\\\/web\\\/es\\\/#\\\/schema\\\/logo\\\/image\\\/\"}}]}<\/script>\n<!-- \/ Yoast SEO Premium plugin. -->","yoast_head_json":{"title":"Pol\u00edtica de Privacidad - LiveDEEP.TV","robots":{"index":"index","follow":"follow","max-snippet":"max-snippet:-1","max-image-preview":"max-image-preview:large","max-video-preview":"max-video-preview:-1"},"canonical":"https:\/\/www.livedeep.tv\/web\/es\/politica-de-privacidad\/","og_locale":"es_ES","og_type":"article","og_title":"Pol\u00edtica de Privacidad","og_description":"Quienes somos La direcci\u00f3n de nuestro sitio web es: https:\/\/www.livedeep.tv LiveDEEP.TV (\u00abLVDP\u00bb) opera livedeep.tv y puede operar en otros sitios web. Es pol\u00edtica de LVDP respetar su privacidad con respecto a cualquier informaci\u00f3n que podamos recopilar al operar nuestros sitios web. Visitantes del sitio web Al igual que la mayor\u00eda de los operadores de sitios &hellip;","og_url":"https:\/\/www.livedeep.tv\/web\/es\/politica-de-privacidad\/","og_site_name":"LiveDEEP.TV","article_modified_time":"2021-08-23T22:02:13+00:00","twitter_card":"summary_large_image","twitter_misc":{"Tiempo de lectura":"11 minutos","Written by":"LvDP.TV Synthetintelligence\u2122"},"schema":{"@context":"https:\/\/schema.org","@graph":[{"@type":"WebPage","@id":"https:\/\/www.livedeep.tv\/web\/es\/politica-de-privacidad\/","url":"https:\/\/www.livedeep.tv\/web\/es\/politica-de-privacidad\/","name":"Pol\u00edtica de Privacidad - LiveDEEP.TV","isPartOf":{"@id":"https:\/\/www.livedeep.tv\/web\/es\/#website"},"datePublished":"2021-08-23T21:12:12+00:00","dateModified":"2021-08-23T22:02:13+00:00","breadcrumb":{"@id":"https:\/\/www.livedeep.tv\/web\/es\/politica-de-privacidad\/#breadcrumb"},"inLanguage":"es","potentialAction":[{"@type":"ReadAction","target":["https:\/\/www.livedeep.tv\/web\/es\/politica-de-privacidad\/"]}]},{"@type":"BreadcrumbList","@id":"https:\/\/www.livedeep.tv\/web\/es\/politica-de-privacidad\/#breadcrumb","itemListElement":[{"@type":"ListItem","position":1,"name":"Home","item":"https:\/\/www.livedeep.tv\/web\/es\/"},{"@type":"ListItem","position":2,"name":"Pol\u00edtica de Privacidad"}]},{"@type":"WebSite","@id":"https:\/\/www.livedeep.tv\/web\/es\/#website","url":"https:\/\/www.livedeep.tv\/web\/es\/","name":"LiveDEEP.TV","description":"Just another WordPress site","publisher":{"@id":"https:\/\/www.livedeep.tv\/web\/es\/#organization"},"potentialAction":[{"@type":"SearchAction","target":{"@type":"EntryPoint","urlTemplate":"https:\/\/www.livedeep.tv\/web\/es\/?s={search_term_string}"},"query-input":{"@type":"PropertyValueSpecification","valueRequired":true,"valueName":"search_term_string"}}],"inLanguage":"es"},{"@type":"Organization","@id":"https:\/\/www.livedeep.tv\/web\/es\/#organization","name":"LiveDEEP.TV","url":"https:\/\/www.livedeep.tv\/web\/es\/","logo":{"@type":"ImageObject","inLanguage":"es","@id":"https:\/\/www.livedeep.tv\/web\/es\/#\/schema\/logo\/image\/","url":"https:\/\/www.livedeep.tv\/web\/wp-content\/uploads\/2019\/10\/lvd-uplogoretina.png","contentUrl":"https:\/\/www.livedeep.tv\/web\/wp-content\/uploads\/2019\/10\/lvd-uplogoretina.png","width":544,"height":173,"caption":"LiveDEEP.TV"},"image":{"@id":"https:\/\/www.livedeep.tv\/web\/es\/#\/schema\/logo\/image\/"}}]}},"amp_enabled":true,"_links":{"self":[{"href":"https:\/\/www.livedeep.tv\/web\/es\/wp-json\/wp\/v2\/pages\/12548","targetHints":{"allow":["GET"]}}],"collection":[{"href":"https:\/\/www.livedeep.tv\/web\/es\/wp-json\/wp\/v2\/pages"}],"about":[{"href":"https:\/\/www.livedeep.tv\/web\/es\/wp-json\/wp\/v2\/types\/page"}],"author":[{"embeddable":true,"href":"https:\/\/www.livedeep.tv\/web\/es\/wp-json\/wp\/v2\/users\/1"}],"replies":[{"embeddable":true,"href":"https:\/\/www.livedeep.tv\/web\/es\/wp-json\/wp\/v2\/comments?post=12548"}],"version-history":[{"count":0,"href":"https:\/\/www.livedeep.tv\/web\/es\/wp-json\/wp\/v2\/pages\/12548\/revisions"}],"wp:attachment":[{"href":"https:\/\/www.livedeep.tv\/web\/es\/wp-json\/wp\/v2\/media?parent=12548"}],"wp:term":[{"taxonomy":"author","embeddable":true,"href":"https:\/\/www.livedeep.tv\/web\/es\/wp-json\/wp\/v2\/coauthors?post=12548"}],"curies":[{"name":"wp","href":"https:\/\/api.w.org\/{rel}","templated":true}]}}